{"id":1365,"date":"2019-06-30T21:00:51","date_gmt":"2019-06-30T19:00:51","guid":{"rendered":"https:\/\/www.weddbros.com\/?page_id=1365"},"modified":"2025-12-30T11:51:51","modified_gmt":"2025-12-30T10:51:51","slug":"kontakt","status":"publish","type":"page","link":"https:\/\/www.weddbros.com\/en\/kontakt\/","title":{"rendered":"Contacts"},"content":{"rendered":"<p>[vc_row][vc_column][vc_column_text][\/vc_column_text][\/vc_column][\/vc_row][vc_row equal_height=&#8221;yes&#8221; content_placement=&#8221;middle&#8221; css=&#8221;.vc_custom_1711249840114{margin-top: 0px !important;margin-bottom: 40px !important;padding-top: 0px !important;padding-bottom: 20px !important;}&#8221; el_class=&#8221;contact-boxes&#8221;][vc_column el_class=&#8221;contact-boxes-inner&#8221;][vc_row_inner equal_height=&#8221;yes&#8221; content_placement=&#8221;middle&#8221;][vc_column_inner width=&#8221;2\/6&#8243;][vc_single_image image=&#8221;6936&#8243; style=&#8221;vc_box_circle_2&#8243;][\/vc_column_inner][vc_column_inner width=&#8221;4\/6&#8243;]<div id=\"ultimate-heading-567569e51045cf6d5\" class=\"uvc-heading ult-adjust-bottom-margin ultimate-heading-567569e51045cf6d5 uvc-3460 \" data-hspacer=\"no_spacer\"  data-halign=\"left\" style=\"text-align:left\"><div class=\"uvc-heading-spacer no_spacer\" style=\"top\"><\/div><div class=\"uvc-main-heading ult-responsive\"  data-ultimate-target='.uvc-heading.ultimate-heading-567569e51045cf6d5 h6'  data-responsive-json-new='{\"font-size\":\"desktop:18px;\",\"line-height\":\"\"}' ><h6 style=\"font-weight:normal;\">MAREK HO\u0158AVA<\/h6><\/div><div class=\"uvc-sub-heading ult-responsive\"  data-ultimate-target='.uvc-heading.ultimate-heading-567569e51045cf6d5 .uvc-sub-heading '  data-responsive-json-new='{\"font-size\":\"desktop:14px;\",\"line-height\":\"\"}'  style=\"font-weight:normal;margin-bottom:8px;\">SUPERVIZE<\/div><\/div>[vc_column_text el_class=&#8221;kontakt-text&#8221;]marek@weddbros.com<br \/>\n+420 608 917 907[\/vc_column_text][\/vc_column_inner][\/vc_row_inner][vc_row_inner equal_height=&#8221;yes&#8221; content_placement=&#8221;middle&#8221;][vc_column_inner width=&#8221;2\/6&#8243;][vc_single_image image=&#8221;6829&#8243; style=&#8221;vc_box_circle_2&#8243;][\/vc_column_inner][vc_column_inner width=&#8221;4\/6&#8243;]<div id=\"ultimate-heading-30669e51045cf725\" class=\"uvc-heading ult-adjust-bottom-margin ultimate-heading-30669e51045cf725 uvc-7960 \" data-hspacer=\"no_spacer\"  data-halign=\"left\" style=\"text-align:left\"><div class=\"uvc-heading-spacer no_spacer\" style=\"top\"><\/div><div class=\"uvc-main-heading ult-responsive\"  data-ultimate-target='.uvc-heading.ultimate-heading-30669e51045cf725 h6'  data-responsive-json-new='{\"font-size\":\"desktop:18px;\",\"line-height\":\"\"}' ><h6 style=\"font-weight:normal;\">PATRIK MO\u017d\u00cd\u0160<\/h6><\/div><div class=\"uvc-sub-heading ult-responsive\"  data-ultimate-target='.uvc-heading.ultimate-heading-30669e51045cf725 .uvc-sub-heading '  data-responsive-json-new='{\"font-size\":\"desktop:14px;\",\"line-height\":\"\"}'  style=\"font-weight:normal;margin-bottom:8px;\">BOOKING, KAMERA<\/div><\/div>[vc_column_text el_class=&#8221;kontakt-text&#8221;]patrik@weddbros.com<br \/>\n+420 775 643 344[\/vc_column_text][\/vc_column_inner][\/vc_row_inner][vc_row_inner equal_height=&#8221;yes&#8221; content_placement=&#8221;middle&#8221;][vc_column_inner width=&#8221;2\/6&#8243;][vc_single_image image=&#8221;6833&#8243; style=&#8221;vc_box_circle_2&#8243;][\/vc_column_inner][vc_column_inner width=&#8221;4\/6&#8243;]<div id=\"ultimate-heading-505169e51045cf763\" class=\"uvc-heading ult-adjust-bottom-margin ultimate-heading-505169e51045cf763 uvc-9707 \" data-hspacer=\"no_spacer\"  data-halign=\"left\" style=\"text-align:left\"><div class=\"uvc-heading-spacer no_spacer\" style=\"top\"><\/div><div class=\"uvc-main-heading ult-responsive\"  data-ultimate-target='.uvc-heading.ultimate-heading-505169e51045cf763 h6'  data-responsive-json-new='{\"font-size\":\"desktop:18px;\",\"line-height\":\"\"}' ><h6 style=\"font-weight:normal;\">TOM\u00c1\u0160 VOJ\u00cd\u0158<\/h6><\/div><div class=\"uvc-sub-heading ult-responsive\"  data-ultimate-target='.uvc-heading.ultimate-heading-505169e51045cf763 .uvc-sub-heading '  data-responsive-json-new='{\"font-size\":\"desktop:14px;\",\"line-height\":\"\"}'  style=\"font-weight:normal;margin-bottom:8px;\">KAMERA<\/div><\/div>[vc_column_text el_class=&#8221;kontakt-text&#8221;]tom@weddbros.com<br \/>\n+420 733 659 728<\/p>\n<p>[\/vc_column_text][\/vc_column_inner][\/vc_row_inner][vc_row_inner equal_height=&#8221;yes&#8221; content_placement=&#8221;middle&#8221;][vc_column_inner width=&#8221;2\/6&#8243;][vc_single_image image=&#8221;6823&#8243; style=&#8221;vc_box_circle_2&#8243;][\/vc_column_inner][vc_column_inner width=&#8221;4\/6&#8243;]<div id=\"ultimate-heading-178569e51045cf79e\" class=\"uvc-heading ult-adjust-bottom-margin ultimate-heading-178569e51045cf79e uvc-3493 \" data-hspacer=\"no_spacer\"  data-halign=\"left\" style=\"text-align:left\"><div class=\"uvc-heading-spacer no_spacer\" style=\"top\"><\/div><div class=\"uvc-main-heading ult-responsive\"  data-ultimate-target='.uvc-heading.ultimate-heading-178569e51045cf79e h6'  data-responsive-json-new='{\"font-size\":\"desktop:18px;\",\"line-height\":\"\"}' ><h6 style=\"font-weight:normal;\">JI\u0158\u00cd HO\u0158AVA<\/h6><\/div><div class=\"uvc-sub-heading ult-responsive\"  data-ultimate-target='.uvc-heading.ultimate-heading-178569e51045cf79e .uvc-sub-heading '  data-responsive-json-new='{\"font-size\":\"desktop:14px;\",\"line-height\":\"\"}'  style=\"font-weight:normal;margin-bottom:8px;\">ST\u0158IH, KAMERA<\/div><\/div>[vc_column_text el_class=&#8221;kontakt-text&#8221;]jiri@weddbros.com<br \/>\n+420 608 951 210[\/vc_column_text][\/vc_column_inner][\/vc_row_inner][vc_row_inner equal_height=&#8221;yes&#8221; content_placement=&#8221;middle&#8221;][vc_column_inner width=&#8221;2\/6&#8243;][vc_single_image image=&#8221;6825&#8243; style=&#8221;vc_box_circle_2&#8243;][\/vc_column_inner][vc_column_inner width=&#8221;4\/6&#8243;]<div id=\"ultimate-heading-593869e51045cf7e6\" class=\"uvc-heading ult-adjust-bottom-margin ultimate-heading-593869e51045cf7e6 uvc-3394 \" data-hspacer=\"no_spacer\"  data-halign=\"left\" style=\"text-align:left\"><div class=\"uvc-heading-spacer no_spacer\" style=\"top\"><\/div><div class=\"uvc-main-heading ult-responsive\"  data-ultimate-target='.uvc-heading.ultimate-heading-593869e51045cf7e6 h6'  data-responsive-json-new='{\"font-size\":\"desktop:18px;\",\"line-height\":\"\"}' ><h6 style=\"font-weight:normal;\">TADE\u00c1\u0160 STANOVSK\u00dd<\/h6><\/div><div class=\"uvc-sub-heading ult-responsive\"  data-ultimate-target='.uvc-heading.ultimate-heading-593869e51045cf7e6 .uvc-sub-heading '  data-responsive-json-new='{\"font-size\":\"desktop:14px;\",\"line-height\":\"\"}'  style=\"font-weight:normal;margin-bottom:8px;\">KAMERA<\/div><\/div>[vc_column_text el_class=&#8221;kontakt-text&#8221;]tadeas@weddbros.com<br \/>\n+420 774 412 254[\/vc_column_text][\/vc_column_inner][\/vc_row_inner][vc_row_inner equal_height=&#8221;yes&#8221; content_placement=&#8221;middle&#8221;][vc_column_inner width=&#8221;2\/6&#8243;][vc_single_image image=&#8221;6837&#8243; style=&#8221;vc_box_circle_2&#8243;][\/vc_column_inner][vc_column_inner width=&#8221;4\/6&#8243;]<div id=\"ultimate-heading-564769e51045cf81e\" class=\"uvc-heading ult-adjust-bottom-margin ultimate-heading-564769e51045cf81e uvc-2206 \" data-hspacer=\"no_spacer\"  data-halign=\"left\" style=\"text-align:left\"><div class=\"uvc-heading-spacer no_spacer\" style=\"top\"><\/div><div class=\"uvc-main-heading ult-responsive\"  data-ultimate-target='.uvc-heading.ultimate-heading-564769e51045cf81e h6'  data-responsive-json-new='{\"font-size\":\"desktop:18px;\",\"line-height\":\"\"}' ><h6 style=\"font-weight:normal;\">VERONIKA K\u00d3MAROV\u00c1<\/h6><\/div><div class=\"uvc-sub-heading ult-responsive\"  data-ultimate-target='.uvc-heading.ultimate-heading-564769e51045cf81e .uvc-sub-heading '  data-responsive-json-new='{\"font-size\":\"desktop:14px;\",\"line-height\":\"\"}'  style=\"font-weight:normal;margin-bottom:8px;\">KV\u011aTINY, DEKORACE<\/div><\/div>[vc_column_text el_class=&#8221;kontakt-text&#8221;]veronika@weddbros.com<br \/>\n+420 734 804 301<\/p>\n<p>[\/vc_column_text][\/vc_column_inner][\/vc_row_inner][\/vc_column][\/vc_row][vc_row css=&#8221;.vc_custom_1698209737351{margin-top: 0px !important;margin-bottom: 40px !important;padding-top: 0px !important;padding-bottom: 20px !important;}&#8221;][vc_column][vc_separator][\/vc_column][\/vc_row][vc_row css=&#8221;.vc_custom_1518534479752{margin-top: 0px !important;margin-bottom: 0px !important;padding-top: 0px !important;padding-bottom: 20px !important;}&#8221;][vc_column width=&#8221;1\/4&#8243;][\/vc_column][vc_column width=&#8221;2\/4&#8243;][vc_column_text el_class=&#8221;spacing&#8221;]<\/p>\n<p style=\"text-align: center;\">Booking<\/p>\n<h2 style=\"text-align: center;\">For booking, please give complete this form<\/h2>\n<p>[\/vc_column_text][\/vc_column][vc_column width=&#8221;1\/4&#8243;][\/vc_column][\/vc_row][vc_row css=&#8221;.vc_custom_1644059863143{margin-top: 0px !important;margin-bottom: 0px !important;}&#8221;][vc_column el_id=&#8221;popmake-1211&#8243;]<div class=\"ult-content-box-container mam-zajem-form\" >\t\t<div class=\"ult-content-box\" style=\"background-color:#ffffff;box-shadow: px px px px #f7f7f7 none;padding-top:30px;padding-right:30px;padding-bottom:0px;padding-left:30px;-webkit-transition: all 700ms ease;-moz-transition: all 700ms ease;-ms-transition: all 700ms ease;-o-transition: all 700ms ease;transition: all 700ms ease;\"  data-hover_bg_color=\"#ffffff\"  data-hover_box_shadow=\"none\"     data-bg=\"#ffffff\" >\n<div class=\"wpcf7 no-js\" id=\"wpcf7-f1217-o2\" lang=\"en-US\" dir=\"ltr\">\n<div class=\"screen-reader-response\"><p role=\"status\" aria-live=\"polite\" aria-atomic=\"true\"><\/p> <ul><\/ul><\/div>\n<form action=\"\/en\/wp-json\/wp\/v2\/pages\/1365#wpcf7-f1217-o2\" method=\"post\" class=\"wpcf7-form init\" aria-label=\"Contact form\" novalidate=\"novalidate\" data-status=\"init\">\n<div style=\"display: none;\">\n<input type=\"hidden\" name=\"_wpcf7\" value=\"1217\" \/>\n<input type=\"hidden\" name=\"_wpcf7_version\" value=\"5.8.2\" \/>\n<input type=\"hidden\" name=\"_wpcf7_locale\" value=\"en_US\" \/>\n<input type=\"hidden\" name=\"_wpcf7_unit_tag\" value=\"wpcf7-f1217-o2\" \/>\n<input type=\"hidden\" name=\"_wpcf7_container_post\" value=\"0\" \/>\n<input type=\"hidden\" name=\"_wpcf7_posted_data_hash\" value=\"\" \/>\n<\/div>\n<div class=\"cstheme_contactform_type5 en\">\n\t<div class=\"row\">\n\t\t<div class=\"col-sm-6\">\n\t\t\t<h3>Your full name:\n\t\t\t<\/h3>\n\t\t\t<p><span class=\"wpcf7-form-control-wrap\" data-name=\"meno2\"><input size=\"40\" class=\"wpcf7-form-control wpcf7-text wpcf7-validates-as-required\" aria-required=\"true\" aria-invalid=\"false\" value=\"\" type=\"text\" name=\"meno2\" \/><\/span>\n\t\t\t<\/p>\n\t\t<\/div>\n\t\t<div class=\"col-sm-6\">\n\t\t\t<h3>Phone number:\n\t\t\t<\/h3>\n\t\t\t<p><span class=\"wpcf7-form-control-wrap\" data-name=\"tel\"><input size=\"40\" class=\"wpcf7-form-control wpcf7-text wpcf7-validates-as-required\" aria-required=\"true\" aria-invalid=\"false\" value=\"\" type=\"text\" name=\"tel\" \/><\/span>\n\t\t\t<\/p>\n\t\t<\/div>\n\t<\/div>\n\t<p>[honeypot honeypasdfa]\n\t<\/p>\n\t<div class=\"row info\">\n\t\t<div class=\"col-sm-4\">\n\t\t\t<h3>Wedding date:\n\t\t\t<\/h3>\n\t\t\t<p><span class=\"wpcf7-form-control-wrap\" data-name=\"datum\"><input size=\"40\" class=\"wpcf7-form-control wpcf7-text wpcf7-validates-as-required vyber-datum\" readonly=\"readonly\" aria-required=\"true\" aria-invalid=\"false\" value=\"\" type=\"text\" name=\"datum\" \/><\/span>\n\t\t\t<\/p>\n\t\t<\/div>\n\t\t<div class=\"col-sm-4\">\n\t\t\t<h3>Wedding venue:\n\t\t\t<\/h3>\n\t\t\t<p><span class=\"wpcf7-form-control-wrap\" data-name=\"misto\"><input size=\"40\" class=\"wpcf7-form-control wpcf7-text wpcf7-validates-as-required\" aria-required=\"true\" aria-invalid=\"false\" value=\"\" type=\"text\" name=\"misto\" \/><\/span>\n\t\t\t<\/p>\n\t\t<\/div>\n\t\t<div class=\"col-sm-4\">\n\t\t\t<h3>E-mail adress:\n\t\t\t<\/h3>\n\t\t\t<p><span class=\"wpcf7-form-control-wrap\" data-name=\"email\"><input size=\"40\" class=\"wpcf7-form-control wpcf7-email wpcf7-validates-as-required wpcf7-text wpcf7-validates-as-email\" aria-required=\"true\" aria-invalid=\"false\" value=\"\" type=\"email\" name=\"email\" \/><\/span>\n\t\t\t<\/p>\n\t\t<\/div>\n\t\t<div class=\"col-sm-6\">\n\t\t\t<h3>How many guests do you expect?\n\t\t\t<\/h3>\n\t\t\t<p><span class=\"wpcf7-form-control-wrap\" data-name=\"guest\"><input size=\"40\" class=\"wpcf7-form-control wpcf7-text wpcf7-validates-as-required\" aria-required=\"true\" aria-invalid=\"false\" value=\"\" type=\"text\" name=\"guest\" \/><\/span>\n\t\t\t<\/p>\n\t\t<\/div>\n\t\t<div class=\"col-sm-6\">\n\t\t\t<h3>Wedding photographer (Name of your photographer)\n\t\t\t<\/h3>\n\t\t\t<p><span class=\"wpcf7-form-control-wrap\" data-name=\"photo\"><input size=\"40\" class=\"wpcf7-form-control wpcf7-text wpcf7-validates-as-required\" aria-required=\"true\" aria-invalid=\"false\" value=\"\" type=\"text\" name=\"photo\" \/><\/span>\n\t\t\t<\/p>\n\t\t<\/div>\n\t<\/div>\n\t<div class=\"row\">\n\t\t<div class=\"col-sm-6\">\n\t\t\t<h3>What's your budget for the wedding video?\n\t\t\t<\/h3>\n\t\t\t<p><span class=\"wpcf7-form-control-wrap\" data-name=\"rozpocet1\"><input size=\"40\" class=\"wpcf7-form-control wpcf7-text wpcf7-validates-as-required\" aria-required=\"true\" aria-invalid=\"false\" value=\"\" type=\"text\" name=\"rozpocet1\" \/><\/span>\n\t\t\t<\/p>\n\t\t<\/div>\n\t\t<div class=\"col-sm-6\">\n\t\t\t<h3>How did you hear about us?\n\t\t\t<\/h3>\n\t\t\t<p><span class=\"wpcf7-form-control-wrap\" data-name=\"menu-833\"><select class=\"wpcf7-form-control wpcf7-select wpcf7-validates-as-required\" aria-required=\"true\" aria-invalid=\"false\" name=\"menu-833\"><option value=\"\">Select from list<\/option><option value=\"google\">google<\/option><option value=\"seznam\">seznam<\/option><option value=\"friends\">friends<\/option><option value=\"facebook\">facebook<\/option><option value=\"instagram\">instagram<\/option><option value=\"wedding agency\">wedding agency<\/option><option value=\"other\">other<\/option><\/select><\/span>\n\t\t\t<\/p>\n\t\t<\/div>\n\t\t<div class=\"col-sm-12\">\n\t\t\t<h3>Information about your wedding<small style=\" margin-top: 0; display: block; line-height: normal;\">(Please, share a few details about the wedding and your vision)<\/small>\n\t\t\t<\/h3>\n\t\t\t<p><span class=\"wpcf7-form-control-wrap\" data-name=\"winfo\"><input size=\"40\" class=\"wpcf7-form-control wpcf7-text\" aria-invalid=\"false\" value=\"\" type=\"text\" name=\"winfo\" \/><\/span>\n\t\t\t<\/p>\n\t\t<\/div>\n\t<\/div>\n\t<div class=\"row\">\n\t\t<div class=\"col-sm-12\">\n\t\t\t<p><span class=\"wpcf7-form-control-wrap\" data-name=\"acceptance-793\"><span class=\"wpcf7-form-control wpcf7-acceptance\"><span class=\"wpcf7-list-item\"><label><input type=\"checkbox\" name=\"acceptance-793\" value=\"1\" class=\"suhlas-form\" aria-invalid=\"false\" \/><span class=\"wpcf7-list-item-label\">Consent to the processing of personal data<\/span><\/label><\/span><\/span><\/span>\n\t\t\t<\/p>\n\t\t<\/div>\n\t<\/div>\n<div class=\"wpcf7-response-output\" aria-hidden=\"true\"><\/div>\n\t<div class=\"row\">\n\t\t<div class=\"col-sm-12 center\">\n\t\t\t<p><input type=\"submit\" value=\"Send request\" class=\"wpcf7-form-control wpcf7-submit\" \/>\n\t\t\t<\/p>\n\t\t<\/div>\n\t<\/div>\n<\/div>\n<p><script>\njQuery(function($) {\nvar dateToday = new Date(); \n$(function() {\n $( \".vyber-datum\" ).datepicker({\n minDate: dateToday,\n\tdateFormat: \"dd.mm.yy\"\n });\n});\n});\n <\/script>\n<\/p><p style=\"display: none !important;\" class=\"akismet-fields-container\" data-prefix=\"_wpcf7_ak_\"><label>&#916;<textarea name=\"_wpcf7_ak_hp_textarea\" cols=\"45\" rows=\"8\" maxlength=\"100\"><\/textarea><\/label><input type=\"hidden\" id=\"ak_js_2\" name=\"_wpcf7_ak_js\" value=\"115\"\/><script>document.getElementById( \"ak_js_2\" ).setAttribute( \"value\", ( new Date() ).getTime() );<\/script><\/p>\n<\/form>\n<\/div>\n\t\t<\/div><\/div>[\/vc_column][\/vc_row][vc_row css=&#8221;.vc_custom_1599301467163{margin-top: 0px !important;margin-bottom: 0px !important;padding-top: 10px !important;padding-bottom: 20px !important;}&#8221;][vc_column width=&#8221;1\/3&#8243; css=&#8221;.vc_custom_1644059935171{margin-top: 15px !important;}&#8221;][vc_column_text el_class=&#8221;spacing&#8221;]<\/p>\n<p style=\"text-align: center;\">AVAILABLE<\/p>\n<h5 style=\"text-align: center;\">Europe &amp; Worldwide<\/h5>\n<p>[\/vc_column_text][\/vc_column][vc_column width=&#8221;1\/3&#8243; css=&#8221;.vc_custom_1644059940087{margin-top: 15px !important;}&#8221;][vc_column_text el_class=&#8221;spacing&#8221;]<\/p>\n<p style=\"text-align: center;\">PHONE<\/p>\n<h5 style=\"text-align: center;\">+420 608 917 907<\/h5>\n<p>[\/vc_column_text][\/vc_column][vc_column width=&#8221;1\/3&#8243; css=&#8221;.vc_custom_1644059945284{margin-top: 15px !important;}&#8221;][vc_column_text el_class=&#8221;spacing&#8221;]<\/p>\n<p style=\"text-align: center;\">E-MAIL<\/p>\n<h5 style=\"text-align: center;\">patrik@weddbros.com<\/h5>\n<p>[\/vc_column_text][\/vc_column][\/vc_row][vc_row][vc_column][vc_column_text][\/vc_column_text][\/vc_column][\/vc_row]<\/p>","protected":false},"excerpt":{"rendered":"<p>[vc_row][vc_column][vc_column_text][\/vc_column_text][\/vc_column][\/vc_row][vc_row equal_height=&#8221;yes&#8221; content_placement=&#8221;middle&#8221; css=&#8221;.vc_custom_1711249840114{margin-top: 0px !important;margin-bottom: 40px !important;padding-top: 0px !important;padding-bottom: 20px !important;}&#8221; el_class=&#8221;contact-boxes&#8221;][vc_column el_class=&#8221;contact-boxes-inner&#8221;][vc_row_inner equal_height=&#8221;yes&#8221; content_placement=&#8221;middle&#8221;][vc_column_inner width=&#8221;2\/6&#8243;][vc_single_image image=&#8221;6936&#8243; style=&#8221;vc_box_circle_2&#8243;][\/vc_column_inner][vc_column_inner width=&#8221;4\/6&#8243;][vc_column_text el_class=&#8221;kontakt-text&#8221;]marek@weddbros.com +420 608 917 907[\/vc_column_text][\/vc_column_inner][\/vc_row_inner][vc_row_inner equal_height=&#8221;yes&#8221; content_placement=&#8221;middle&#8221;][vc_column_inner width=&#8221;2\/6&#8243;][vc_single_image image=&#8221;6829&#8243; style=&#8221;vc_box_circle_2&#8243;][\/vc_column_inner][vc_column_inner width=&#8221;4\/6&#8243;][vc_column_text el_class=&#8221;kontakt-text&#8221;]patrik@weddbros.com +420 775 643 344[\/vc_column_text][\/vc_column_inner][\/vc_row_inner][vc_row_inner equal_height=&#8221;yes&#8221; content_placement=&#8221;middle&#8221;][vc_column_inner width=&#8221;2\/6&#8243;][vc_single_image image=&#8221;6833&#8243; style=&#8221;vc_box_circle_2&#8243;][\/vc_column_inner][vc_column_inner width=&#8221;4\/6&#8243;][vc_column_text el_class=&#8221;kontakt-text&#8221;]tom@weddbros.com +420 733 659 728 [\/vc_column_text][\/vc_column_inner][\/vc_row_inner][vc_row_inner equal_height=&#8221;yes&#8221; content_placement=&#8221;middle&#8221;][vc_column_inner width=&#8221;2\/6&#8243;][vc_single_image image=&#8221;6823&#8243; style=&#8221;vc_box_circle_2&#8243;][\/vc_column_inner][vc_column_inner width=&#8221;4\/6&#8243;][vc_column_text el_class=&#8221;kontakt-text&#8221;]jiri@weddbros.com [&hellip;]<\/p>\n","protected":false},"author":2,"featured_media":0,"parent":0,"menu_order":0,"comment_status":"closed","ping_status":"closed","template":"","meta":{"footnotes":""},"aioseo_notices":[],"_links":{"self":[{"href":"https:\/\/www.weddbros.com\/en\/wp-json\/wp\/v2\/pages\/1365"}],"collection":[{"href":"https:\/\/www.weddbros.com\/en\/wp-json\/wp\/v2\/pages"}],"about":[{"href":"https:\/\/www.weddbros.com\/en\/wp-json\/wp\/v2\/types\/page"}],"author":[{"embeddable":true,"href":"https:\/\/www.weddbros.com\/en\/wp-json\/wp\/v2\/users\/2"}],"replies":[{"embeddable":true,"href":"https:\/\/www.weddbros.com\/en\/wp-json\/wp\/v2\/comments?post=1365"}],"version-history":[{"count":140,"href":"https:\/\/www.weddbros.com\/en\/wp-json\/wp\/v2\/pages\/1365\/revisions"}],"predecessor-version":[{"id":6981,"href":"https:\/\/www.weddbros.com\/en\/wp-json\/wp\/v2\/pages\/1365\/revisions\/6981"}],"wp:attachment":[{"href":"https:\/\/www.weddbros.com\/en\/wp-json\/wp\/v2\/media?parent=1365"}],"curies":[{"name":"wp","href":"https:\/\/api.w.org\/{rel}","templated":true}]}}