{"id":6596,"date":"2023-10-25T07:38:08","date_gmt":"2023-10-25T05:38:08","guid":{"rendered":"https:\/\/www.weddbros.com\/?page_id=6596"},"modified":"2024-11-11T14:42:06","modified_gmt":"2024-11-11T13:42:06","slug":"planovani-svatby","status":"publish","type":"page","link":"https:\/\/www.weddbros.com\/cs\/planovani-svatby\/","title":{"rendered":"Floristika"},"content":{"rendered":"<p>[vc_row gap=&#8221;35&#8243; equal_height=&#8221;yes&#8221; content_placement=&#8221;middle&#8221; css=&#8221;.vc_custom_1643874512191{margin-bottom: 0px !important;}&#8221;][vc_column width=&#8221;1\/2&#8243;][vc_single_image image=&#8221;6740&#8243; img_size=&#8221;large&#8221; alignment=&#8221;center&#8221;][\/vc_column][vc_column width=&#8221;1\/2&#8243; el_class=&#8221;proc-me&#8221;][vc_column_text el_class=&#8221;spacing&#8221;]<\/p>\n<h2>Svatebn\u00ed floristika s ateli\u00e9rem VENTIC<\/h2>\n<p>[\/vc_column_text][vc_column_text]<\/p>\n<p class=\"p3\"><span class=\"s3\">N\u00e1\u0161 ateli\u00e9r se specializuje na unik\u00e1tn\u00ed svatebn\u00ed floristiku ur\u010denou pro n\u00e1ro\u010dn\u00e9 p\u00e1ry se smyslem pro detail a l\u00e1skou k \u010derstv\u00fdm vo\u0148av\u00fdm kv\u011btin\u00e1m.<\/span><\/p>\n<p class=\"p3\"><span class=\"s3\">V\u00edm, jak vzru\u0161uj\u00edc\u00ed je pl\u00e1novat svatbu, a ch\u00e1pu, jak n\u00e1ro\u010dn\u00e9 m\u016f\u017ee b\u00fdt v\u00fdb\u011br dokonal\u00fdch svatebn\u00edch kv\u011btin. Proto nab\u00edz\u00edm sestaven\u00ed konceptu pro ka\u017ed\u00e9ho klienta na m\u00edru v\u010detn\u011b konzultac\u00ed. Sestav\u00edm detailn\u00ed \u201eKv\u011btinov\u00fd moodboard\u201c, kter\u00fd poskytne p\u0159ehlednou vizualizaci celkov\u00e9ho designu.<\/span><\/p>\n<h4 class=\"p3\"><span class=\"s3\">Kontaktujte N\u00e1s<\/span><\/h4>\n<p class=\"p3\"><span class=\"s3\">Zahajte svou cestu k nezapomenuteln\u00e9 svatb\u011b pr\u00e1v\u011b te\u010f! Kontaktujte m\u011b pro nez\u00e1vaznou konzultaci a poj\u010fme spole\u010dn\u011b vytvo\u0159it svatebn\u00ed poh\u00e1dku, kter\u00e1 z\u016fstane v srdc\u00edch nejen v\u00e1s, ale i va\u0161ich host\u016f.<\/span><\/p>\n<p class=\"p3\"><span class=\"s3\">Va\u0161e certifikovan\u00e1 svatebn\u00ed plannerky Veronika<\/span><\/p>\n<p>[\/vc_column_text][vc_btn title=&#8221;V\u00edce informac\u00ed&#8221; style=&#8221;outline&#8221; shape=&#8221;square&#8221; color=&#8221;black&#8221; align=&#8221;left&#8221; link=&#8221;url:http%3A%2F%2Fwww.ventic.cz||target:%20_blank|&#8221; el_class=&#8221;center-xs&#8221; css=&#8221;.vc_custom_1731332513427{margin-top: 20px !important;}&#8221;][\/vc_column][\/vc_row][vc_row][vc_column][vc_gallery type=&#8221;image_grid&#8221; images=&#8221;6674,6805,6808,6804,6806,6809,6812,6810,6799,6673,6680,6796,6803,6797,6798,6800,6801,6802&#8243; img_size=&#8221;500&#215;500&#8243; onclick=&#8221;img_link_large&#8221; columns=&#8221;3&#8243; overlay_bg=&#8221;rgba(255,255,255,0.9)&#8221;][\/vc_column][\/vc_row][vc_row][vc_column css=&#8221;.vc_custom_1698849051358{margin-top: 40px !important;}&#8221;]<div id=\"blog_list\" class=\"grid_card col4 \">\n\t\t\t\t\t\t<div class=\"row\">\n\t\t\t\t\t\t\t<div class=\"isotope_container_wrap\">\n\t\t\t\t\t\t\t\t<div class=\"isotope-container\">\n\t\t\t\t\t\t<article id=\"post-5785\" class=\" col-md-3 post-5785 post type-post status-publish format-standard has-post-thumbnail hentry category-blog\">\n\t\t\t\n\t\t\t\t\t<div class=\"post-content-wrapper clearfix\">\n\t\t\t\t<div class=\"post_format_content\">\n\t\t\t\t\t<div class=\"post_likes\"><span class=\"cstheme_likes\" data-postid=\"1927\"><i class=\"fa fa-heart-o\"><\/i><span class=\"likes_count\"> <div class=\"post-views content-post post-5785 entry-meta load-static\">\r\n\t\t\t\t<span class=\"post-views-label\"><\/span> <span class=\"post-views-count\">227<\/span>\r\n\t\t\t<\/div><\/span><\/span><\/div>\n\t\t\t\t\t<img loading=\"lazy\" decoding=\"async\" width=\"650\" height=\"650\" src=\"https:\/\/www.weddbros.com\/wp-content\/uploads\/2023\/05\/homeimg1-650x650.jpg\" class=\"attachment-square size-square wp-post-image\" alt=\"\" srcset=\"https:\/\/www.weddbros.com\/wp-content\/uploads\/2023\/05\/homeimg1-650x650.jpg 650w, https:\/\/www.weddbros.com\/wp-content\/uploads\/2023\/05\/homeimg1-150x150.jpg 150w\" sizes=\"(max-width: 650px) 100vw, 650px\" \/>\t\t\t\t<\/div>\n\t\t\t\t\t\t\t\t\t<div class=\"post-descr-wrap clearfix\">\n\t\t                <div class=\"spacing\"><p>Inspirace <\/p><\/div>\n\t\t\t\t\t\t<h2 class=\"post-title\"><a href=\"https:\/\/www.weddbros.com\/cs\/svatebni-mista-snu-zkuste-tyto-kouzelne-lokace-pro-nezapomenutelnou-svatbu\/\" title=\"Permalink to Top svatebn\u00ed destinace roku: Nenechte si uj\u00edt ty nejlep\u0161\u00ed m\u00edsta pro va\u0161i svatbu\" rel=\"bookmark\">Top svatebn\u00ed destinace roku: Nenechte si uj\u00edt ty nejlep\u0161\u00ed m\u00edsta pro va\u0161i svatbu<\/a><\/h2>\n\t\t\t\t\t\t\t\t\t\t\t<\/div>\n\t\t\t\t\t\t\t<\/div>\n\t\t\n\t\t<\/article><article id=\"post-5140\" class=\" col-md-3 post-5140 post type-post status-publish format-standard has-post-thumbnail hentry category-blog\">\n\t\t\t\n\t\t\t\t\t<div class=\"post-content-wrapper clearfix\">\n\t\t\t\t<div class=\"post_format_content\">\n\t\t\t\t\t<div class=\"post_likes\"><span class=\"cstheme_likes\" data-postid=\"1927\"><i class=\"fa fa-heart-o\"><\/i><span class=\"likes_count\"> <div class=\"post-views content-post post-5140 entry-meta load-static\">\r\n\t\t\t\t<span class=\"post-views-label\"><\/span> <span class=\"post-views-count\">939<\/span>\r\n\t\t\t<\/div><\/span><\/span><\/div>\n\t\t\t\t\t<img loading=\"lazy\" decoding=\"async\" width=\"650\" height=\"650\" src=\"https:\/\/www.weddbros.com\/wp-content\/uploads\/2022\/02\/24006717-650x650.jpeg\" class=\"attachment-square size-square wp-post-image\" alt=\"\" srcset=\"https:\/\/www.weddbros.com\/wp-content\/uploads\/2022\/02\/24006717-650x650.jpeg 650w, https:\/\/www.weddbros.com\/wp-content\/uploads\/2022\/02\/24006717-150x150.jpeg 150w\" sizes=\"(max-width: 650px) 100vw, 650px\" \/>\t\t\t\t<\/div>\n\t\t\t\t\t\t\t\t\t<div class=\"post-descr-wrap clearfix\">\n\t\t                <div class=\"spacing\"><p>Inspirace <\/p><\/div>\n\t\t\t\t\t\t<h2 class=\"post-title\"><a href=\"https:\/\/www.weddbros.com\/cs\/oblibene-misto-pro-svatby-je-vila-z-podebrad\/\" title=\"Permalink to Obl\u00edben\u00e9 m\u00edsto pro svatby je vila z Pod\u011bbrad\" rel=\"bookmark\">Obl\u00edben\u00e9 m\u00edsto pro svatby je vila z Pod\u011bbrad<\/a><\/h2>\n\t\t\t\t\t\t\t\t\t\t\t<\/div>\n\t\t\t\t\t\t\t<\/div>\n\t\t\n\t\t<\/article><article id=\"post-3298\" class=\" col-md-3 post-3298 post type-post status-publish format-standard has-post-thumbnail hentry category-blog\">\n\t\t\t\n\t\t\t\t\t<div class=\"post-content-wrapper clearfix\">\n\t\t\t\t<div class=\"post_format_content\">\n\t\t\t\t\t<div class=\"post_likes\"><span class=\"cstheme_likes\" data-postid=\"1927\"><i class=\"fa fa-heart-o\"><\/i><span class=\"likes_count\"> <div class=\"post-views content-post post-3298 entry-meta load-static\">\r\n\t\t\t\t<span class=\"post-views-label\"><\/span> <span class=\"post-views-count\">1,520<\/span>\r\n\t\t\t<\/div><\/span><\/span><\/div>\n\t\t\t\t\t<img loading=\"lazy\" decoding=\"async\" width=\"650\" height=\"650\" src=\"https:\/\/www.weddbros.com\/wp-content\/uploads\/2024\/02\/Svatba_HanaHonza_031-1-650x650.jpg\" class=\"attachment-square size-square wp-post-image\" alt=\"\" srcset=\"https:\/\/www.weddbros.com\/wp-content\/uploads\/2024\/02\/Svatba_HanaHonza_031-1-650x650.jpg 650w, https:\/\/www.weddbros.com\/wp-content\/uploads\/2024\/02\/Svatba_HanaHonza_031-1-150x150.jpg 150w\" sizes=\"(max-width: 650px) 100vw, 650px\" \/>\t\t\t\t<\/div>\n\t\t\t\t\t\t\t\t\t<div class=\"post-descr-wrap clearfix\">\n\t\t                <div class=\"spacing\"><p>Inspirace <\/p><\/div>\n\t\t\t\t\t\t<h2 class=\"post-title\"><a href=\"https:\/\/www.weddbros.com\/cs\/nejlepsi-svatebni-planovac\/\" title=\"Permalink to Pr\u00e1v\u011b jste se zasnoubili a nev\u00edte, kde za\u010d\u00edt s pl\u00e1nov\u00e1n\u00edm svatby?\" rel=\"bookmark\">Pr\u00e1v\u011b jste se zasnoubili a nev\u00edte, kde za\u010d\u00edt s pl\u00e1nov\u00e1n\u00edm svatby?<\/a><\/h2>\n\t\t\t\t\t\t\t\t\t\t\t<\/div>\n\t\t\t\t\t\t\t<\/div>\n\t\t\n\t\t<\/article><article id=\"post-2737\" class=\" col-md-3 post-2737 post type-post status-publish format-standard has-post-thumbnail hentry category-blog\">\n\t\t\t\n\t\t\t\t\t<div class=\"post-content-wrapper clearfix\">\n\t\t\t\t<div class=\"post_format_content\">\n\t\t\t\t\t<div class=\"post_likes\"><span class=\"cstheme_likes\" data-postid=\"1927\"><i class=\"fa fa-heart-o\"><\/i><span class=\"likes_count\"> <div class=\"post-views content-post post-2737 entry-meta load-static\">\r\n\t\t\t\t<span class=\"post-views-label\"><\/span> <span class=\"post-views-count\">828<\/span>\r\n\t\t\t<\/div><\/span><\/span><\/div>\n\t\t\t\t\t<img loading=\"lazy\" decoding=\"async\" width=\"650\" height=\"650\" src=\"https:\/\/www.weddbros.com\/wp-content\/uploads\/2020\/07\/DSC_7327-650x650.jpg\" class=\"attachment-square size-square wp-post-image\" alt=\"\" srcset=\"https:\/\/www.weddbros.com\/wp-content\/uploads\/2020\/07\/DSC_7327-650x650.jpg 650w, https:\/\/www.weddbros.com\/wp-content\/uploads\/2020\/07\/DSC_7327-150x150.jpg 150w\" sizes=\"(max-width: 650px) 100vw, 650px\" \/>\t\t\t\t<\/div>\n\t\t\t\t\t\t\t\t\t<div class=\"post-descr-wrap clearfix\">\n\t\t                <div class=\"spacing\"><p>Inspirace <\/p><\/div>\n\t\t\t\t\t\t<h2 class=\"post-title\"><a href=\"https:\/\/www.weddbros.com\/cs\/pohadkove-misto-kde-mit-svatbu-je-zazitek\/\" title=\"Permalink to Poh\u00e1dkov\u00e9 m\u00edsto, kde m\u00edt svatbu je z\u00e1\u017eitek\" rel=\"bookmark\">Poh\u00e1dkov\u00e9 m\u00edsto, kde m\u00edt svatbu je z\u00e1\u017eitek<\/a><\/h2>\n\t\t\t\t\t\t\t\t\t\t\t<\/div>\n\t\t\t\t\t\t\t<\/div>\n\t\t\n\t\t<\/article>\n\t\t\t\t\t\t\t\t<\/div>\n\t\t\t\t\t\t\t<\/div>\n\t\t\t\t\t\t<\/div>\n\t\t\t\t\t<\/div>[\/vc_column][\/vc_row]<\/p>","protected":false},"excerpt":{"rendered":"<p>[vc_row gap=&#8221;35&#8243; equal_height=&#8221;yes&#8221; content_placement=&#8221;middle&#8221; css=&#8221;.vc_custom_1643874512191{margin-bottom: 0px !important;}&#8221;][vc_column width=&#8221;1\/2&#8243;][vc_single_image image=&#8221;6740&#8243; img_size=&#8221;large&#8221; alignment=&#8221;center&#8221;][\/vc_column][vc_column width=&#8221;1\/2&#8243; el_class=&#8221;proc-me&#8221;][vc_column_text el_class=&#8221;spacing&#8221;] Svatebn\u00ed floristika s ateli\u00e9rem VENTIC [\/vc_column_text][vc_column_text] N\u00e1\u0161 ateli\u00e9r se specializuje na unik\u00e1tn\u00ed svatebn\u00ed floristiku ur\u010denou pro n\u00e1ro\u010dn\u00e9 p\u00e1ry se smyslem pro detail a l\u00e1skou k \u010derstv\u00fdm vo\u0148av\u00fdm kv\u011btin\u00e1m. V\u00edm, jak vzru\u0161uj\u00edc\u00ed je pl\u00e1novat svatbu, a ch\u00e1pu, jak n\u00e1ro\u010dn\u00e9 m\u016f\u017ee b\u00fdt v\u00fdb\u011br [&hellip;]<\/p>\n","protected":false},"author":2,"featured_media":0,"parent":0,"menu_order":0,"comment_status":"closed","ping_status":"closed","template":"","meta":{"footnotes":""},"aioseo_notices":[],"_links":{"self":[{"href":"https:\/\/www.weddbros.com\/cs\/wp-json\/wp\/v2\/pages\/6596"}],"collection":[{"href":"https:\/\/www.weddbros.com\/cs\/wp-json\/wp\/v2\/pages"}],"about":[{"href":"https:\/\/www.weddbros.com\/cs\/wp-json\/wp\/v2\/types\/page"}],"author":[{"embeddable":true,"href":"https:\/\/www.weddbros.com\/cs\/wp-json\/wp\/v2\/users\/2"}],"replies":[{"embeddable":true,"href":"https:\/\/www.weddbros.com\/cs\/wp-json\/wp\/v2\/comments?post=6596"}],"version-history":[{"count":65,"href":"https:\/\/www.weddbros.com\/cs\/wp-json\/wp\/v2\/pages\/6596\/revisions"}],"predecessor-version":[{"id":6922,"href":"https:\/\/www.weddbros.com\/cs\/wp-json\/wp\/v2\/pages\/6596\/revisions\/6922"}],"wp:attachment":[{"href":"https:\/\/www.weddbros.com\/cs\/wp-json\/wp\/v2\/media?parent=6596"}],"curies":[{"name":"wp","href":"https:\/\/api.w.org\/{rel}","templated":true}]}}