{"id":1981,"date":"2019-12-05T09:05:21","date_gmt":"2019-12-05T08:05:21","guid":{"rendered":"https:\/\/www.weddbros.com\/?page_id=1981"},"modified":"2024-01-18T17:23:41","modified_gmt":"2024-01-18T16:23:41","slug":"reference","status":"publish","type":"page","link":"https:\/\/www.weddbros.com\/cs\/reference\/","title":{"rendered":"Reference"},"content":{"rendered":"<p>[vc_row gap=&#8221;35&#8243; equal_height=&#8221;yes&#8221;][vc_column][vc_row_inner el_class=&#8221;referencia&#8221;][vc_column_inner width=&#8221;1\/4&#8243;][vc_single_image image=&#8221;6772&#8243; img_size=&#8221;medium&#8221;][\/vc_column_inner][vc_column_inner width=&#8221;3\/4&#8243;][vc_column_text el_class=&#8221;spacing&#8221;]Barbora Galusov\u00e1<\/p>\n<h2>SVATEBN\u00cd VIDEO P\u0158ED\u010cILO VE\u0160KER\u00c1 O\u010cEK\u00c1V\u00c1N\u00cd.<\/h2>\n<p>[\/vc_column_text][vc_column_text]Ka\u017ed\u00fd okam\u017eik byl zachycen s nesm\u00edrnou p\u00e9\u010d\u00ed a um\u011bleck\u00fdm citem. Kamera dok\u00e1zala zachytit nejen kr\u00e1su okam\u017eiku, ale i emoce a l\u00e1sku, kter\u00e1 prov\u00e1zela celou ud\u00e1lost. Od profesion\u00e1ln\u00edho st\u0159ihu po v\u00fdb\u011br hudby, a skv\u011ble nato\u010den\u00e9 z\u00e1b\u011bry. Nejv\u00edce si cen\u00edme, \u017ee n\u00e1m toto video umo\u017enilo znovu pro\u017e\u00edt magii na\u0161eho velk\u00e9ho dne. D\u011bkujeme cel\u00e9mu t\u00fdmu ale hlavn\u011b Patrikovi, za jejich mistrovskou pr\u00e1ci, komunikaci a v\u0161e okolo videa a za to, \u017ee n\u00e1m poskytli trval\u00fd z\u00e1znam jednoho z nejkr\u00e1sn\u011bj\u0161\u00edch okam\u017eik\u016f na\u0161eho \u017eivota. Byli jste skv\u011bl\u00ed ve v\u0161ech ohledech.[\/vc_column_text][vc_column_text el_class=&#8221;podpis&#8221;]BarboraGalusov\u00e1[\/vc_column_text][\/vc_column_inner][\/vc_row_inner][vc_row_inner el_class=&#8221;referencia&#8221;][vc_column_inner width=&#8221;1\/4&#8243;][vc_single_image image=&#8221;6771&#8243; img_size=&#8221;medium&#8221;][\/vc_column_inner][vc_column_inner width=&#8221;3\/4&#8243;][vc_column_text el_class=&#8221;spacing&#8221;]Nela Vagai<\/p>\n<h2>WEDDBROS WERE AMAZING!<\/h2>\n<p>[\/vc_column_text][vc_column_text]We had a good feeling from the start. They were very professional, easy going with a can do attitude. Very friendly approach with a smile on their faces. Most importantly, they captured every part of our day with everyone in it! We love our video and can\u2019t stop watching it!!! Happy we choose them. Thank you so much.[\/vc_column_text][vc_column_text el_class=&#8221;podpis&#8221;]NelaVagai[\/vc_column_text][\/vc_column_inner][\/vc_row_inner][vc_row_inner el_class=&#8221;referencia&#8221;][vc_column_inner width=&#8221;1\/4&#8243;][vc_single_image image=&#8221;2625&#8243; img_size=&#8221;medium&#8221;][\/vc_column_inner][vc_column_inner width=&#8221;3\/4&#8243;][vc_column_text el_class=&#8221;spacing&#8221;]Paul Johnson<\/p>\n<h2>BEST WEDDING INVESTMENT<\/h2>\n<p>[\/vc_column_text][vc_column_text]I can say that our wedding film was the best wedding investment we have made. The way they captured the essence of our special day surpassed all our expectations, creating a timeless masterpiece that allows us to relive the magic over and over again.[\/vc_column_text][vc_column_text el_class=&#8221;podpis&#8221;]PaulJohnson[\/vc_column_text][\/vc_column_inner][\/vc_row_inner][vc_row_inner el_class=&#8221;referencia&#8221;][vc_column_inner width=&#8221;1\/4&#8243;][vc_single_image image=&#8221;6768&#8243; img_size=&#8221;medium&#8221;][\/vc_column_inner][vc_column_inner width=&#8221;3\/4&#8243;][vc_column_text el_class=&#8221;spacing&#8221;]Martin Vlas\u00e1k<\/p>\n<h2>VA\u0160E PR\u00c1CE JE UM\u011aLECK\u00dd Z\u00c1ZRAK!<\/h2>\n<p>[\/vc_column_text][vc_column_text]Va\u0161e schopnost zachytit emoce a atmosf\u00e9ru na\u0161\u00ed svatby v ka\u017ed\u00e9m z\u00e1b\u011bru je naprosto \u00fa\u017easn\u00e1. Svatebn\u00ed video p\u0159ed\u010dilo na\u0161e o\u010dek\u00e1v\u00e1n\u00ed a budeme si ho prohl\u00ed\u017eet s radost\u00ed po cel\u00fd \u017eivot.[\/vc_column_text][vc_column_text el_class=&#8221;podpis&#8221;]MartinVlas\u00e1k[\/vc_column_text][\/vc_column_inner][\/vc_row_inner][\/vc_column][\/vc_row][vc_row css=&#8221;.vc_custom_1598464235515{margin-top: 20px !important;}&#8221;][vc_column][vc_btn title=&#8221;Zobrazit v\u00edce referenc\u00ed&#8221; style=&#8221;outline&#8221; shape=&#8221;square&#8221; color=&#8221;black&#8221; align=&#8221;center&#8221; link=&#8221;url:https%3A%2F%2Fwww.facebook.com%2Fpg%2FPatrikHorava.cz%2Freviews%2F%3Fref%3Dpage_internal||target:%20_blank|&#8221;][\/vc_column][\/vc_row]<\/p>","protected":false},"excerpt":{"rendered":"<p>[vc_row gap=&#8221;35&#8243; equal_height=&#8221;yes&#8221;][vc_column][vc_row_inner el_class=&#8221;referencia&#8221;][vc_column_inner width=&#8221;1\/4&#8243;][vc_single_image image=&#8221;6772&#8243; img_size=&#8221;medium&#8221;][\/vc_column_inner][vc_column_inner width=&#8221;3\/4&#8243;][vc_column_text el_class=&#8221;spacing&#8221;]Barbora Galusov\u00e1 SVATEBN\u00cd VIDEO P\u0158ED\u010cILO VE\u0160KER\u00c1 O\u010cEK\u00c1V\u00c1N\u00cd. [\/vc_column_text][vc_column_text]Ka\u017ed\u00fd okam\u017eik byl zachycen s nesm\u00edrnou p\u00e9\u010d\u00ed a um\u011bleck\u00fdm citem. Kamera dok\u00e1zala zachytit nejen kr\u00e1su okam\u017eiku, ale i emoce a l\u00e1sku, kter\u00e1 prov\u00e1zela celou ud\u00e1lost. Od profesion\u00e1ln\u00edho st\u0159ihu po v\u00fdb\u011br hudby, a skv\u011ble nato\u010den\u00e9 z\u00e1b\u011bry. Nejv\u00edce si cen\u00edme, \u017ee n\u00e1m [&hellip;]<\/p>\n","protected":false},"author":2,"featured_media":0,"parent":0,"menu_order":0,"comment_status":"closed","ping_status":"closed","template":"","meta":{"footnotes":""},"aioseo_notices":[],"_links":{"self":[{"href":"https:\/\/www.weddbros.com\/cs\/wp-json\/wp\/v2\/pages\/1981"}],"collection":[{"href":"https:\/\/www.weddbros.com\/cs\/wp-json\/wp\/v2\/pages"}],"about":[{"href":"https:\/\/www.weddbros.com\/cs\/wp-json\/wp\/v2\/types\/page"}],"author":[{"embeddable":true,"href":"https:\/\/www.weddbros.com\/cs\/wp-json\/wp\/v2\/users\/2"}],"replies":[{"embeddable":true,"href":"https:\/\/www.weddbros.com\/cs\/wp-json\/wp\/v2\/comments?post=1981"}],"version-history":[{"count":96,"href":"https:\/\/www.weddbros.com\/cs\/wp-json\/wp\/v2\/pages\/1981\/revisions"}],"predecessor-version":[{"id":6778,"href":"https:\/\/www.weddbros.com\/cs\/wp-json\/wp\/v2\/pages\/1981\/revisions\/6778"}],"wp:attachment":[{"href":"https:\/\/www.weddbros.com\/cs\/wp-json\/wp\/v2\/media?parent=1981"}],"curies":[{"name":"wp","href":"https:\/\/api.w.org\/{rel}","templated":true}]}}