{"id":1769,"date":"2019-11-09T16:44:07","date_gmt":"2019-11-09T15:44:07","guid":{"rendered":"https:\/\/www.weddbros.com\/?page_id=1769"},"modified":"2023-04-27T04:24:41","modified_gmt":"2023-04-27T02:24:41","slug":"blog","status":"publish","type":"page","link":"https:\/\/www.weddbros.com\/cs\/blog\/","title":{"rendered":"Blog"},"content":{"rendered":"<p><\/p>\n<p>[vc_row full_width=&#8221;stretch_row&#8221; css=&#8221;.vc_custom_1643896667722{margin-bottom: 0px !important;padding-top: 7px !important;padding-bottom: 60px !important;}&#8221;][vc_column css=&#8221;.vc_custom_1603221939216{padding-right: 0px !important;padding-left: 0px !important;}&#8221;]<div id=\"blog_list\" class=\"grid_card col4 \">\n\t\t\t\t\t\t<div class=\"row\">\n\t\t\t\t\t\t\t<div class=\"isotope_container_wrap\">\n\t\t\t\t\t\t\t\t<div class=\"isotope-container\">\n\t\t\t\t\t\t<article id=\"post-5785\" class=\" col-md-3 post-5785 post type-post status-publish format-standard has-post-thumbnail hentry category-blog\">\n\t\t\t\n\t\t\t\t\t<div class=\"post-content-wrapper clearfix\">\n\t\t\t\t<div class=\"post_format_content\">\n\t\t\t\t\t<div class=\"post_likes\"><span class=\"cstheme_likes\" data-postid=\"1927\"><i class=\"fa fa-heart-o\"><\/i><span class=\"likes_count\"> <div class=\"post-views content-post post-5785 entry-meta load-static\">\r\n\t\t\t\t<span class=\"post-views-label\"><\/span> <span class=\"post-views-count\">227<\/span>\r\n\t\t\t<\/div><\/span><\/span><\/div>\n\t\t\t\t\t<img loading=\"lazy\" decoding=\"async\" width=\"650\" height=\"650\" src=\"https:\/\/www.weddbros.com\/wp-content\/uploads\/2023\/05\/homeimg1-650x650.jpg\" class=\"attachment-square size-square wp-post-image\" alt=\"\" srcset=\"https:\/\/www.weddbros.com\/wp-content\/uploads\/2023\/05\/homeimg1-650x650.jpg 650w, https:\/\/www.weddbros.com\/wp-content\/uploads\/2023\/05\/homeimg1-150x150.jpg 150w\" sizes=\"(max-width: 650px) 100vw, 650px\" \/>\t\t\t\t<\/div>\n\t\t\t\t\t\t\t\t\t<div class=\"post-descr-wrap clearfix\">\n\t\t                <div class=\"spacing\"><p>Inspirace <\/p><\/div>\n\t\t\t\t\t\t<h2 class=\"post-title\"><a href=\"https:\/\/www.weddbros.com\/cs\/svatebni-mista-snu-zkuste-tyto-kouzelne-lokace-pro-nezapomenutelnou-svatbu\/\" title=\"Permalink to Top svatebn\u00ed destinace roku: Nenechte si uj\u00edt ty nejlep\u0161\u00ed m\u00edsta pro va\u0161i svatbu\" rel=\"bookmark\">Top svatebn\u00ed destinace roku: Nenechte si uj\u00edt ty nejlep\u0161\u00ed m\u00edsta pro va\u0161i svatbu<\/a><\/h2>\n\t\t\t\t\t\t\t\t\t\t\t<\/div>\n\t\t\t\t\t\t\t<\/div>\n\t\t\n\t\t<\/article><article id=\"post-5140\" class=\" col-md-3 post-5140 post type-post status-publish format-standard has-post-thumbnail hentry category-blog\">\n\t\t\t\n\t\t\t\t\t<div class=\"post-content-wrapper clearfix\">\n\t\t\t\t<div class=\"post_format_content\">\n\t\t\t\t\t<div class=\"post_likes\"><span class=\"cstheme_likes\" data-postid=\"1927\"><i class=\"fa fa-heart-o\"><\/i><span class=\"likes_count\"> <div class=\"post-views content-post post-5140 entry-meta load-static\">\r\n\t\t\t\t<span class=\"post-views-label\"><\/span> <span class=\"post-views-count\">939<\/span>\r\n\t\t\t<\/div><\/span><\/span><\/div>\n\t\t\t\t\t<img loading=\"lazy\" decoding=\"async\" width=\"650\" height=\"650\" src=\"https:\/\/www.weddbros.com\/wp-content\/uploads\/2022\/02\/24006717-650x650.jpeg\" class=\"attachment-square size-square wp-post-image\" alt=\"\" srcset=\"https:\/\/www.weddbros.com\/wp-content\/uploads\/2022\/02\/24006717-650x650.jpeg 650w, https:\/\/www.weddbros.com\/wp-content\/uploads\/2022\/02\/24006717-150x150.jpeg 150w\" sizes=\"(max-width: 650px) 100vw, 650px\" \/>\t\t\t\t<\/div>\n\t\t\t\t\t\t\t\t\t<div class=\"post-descr-wrap clearfix\">\n\t\t                <div class=\"spacing\"><p>Inspirace <\/p><\/div>\n\t\t\t\t\t\t<h2 class=\"post-title\"><a href=\"https:\/\/www.weddbros.com\/cs\/oblibene-misto-pro-svatby-je-vila-z-podebrad\/\" title=\"Permalink to Obl\u00edben\u00e9 m\u00edsto pro svatby je vila z Pod\u011bbrad\" rel=\"bookmark\">Obl\u00edben\u00e9 m\u00edsto pro svatby je vila z Pod\u011bbrad<\/a><\/h2>\n\t\t\t\t\t\t\t\t\t\t\t<\/div>\n\t\t\t\t\t\t\t<\/div>\n\t\t\n\t\t<\/article><article id=\"post-3298\" class=\" col-md-3 post-3298 post type-post status-publish format-standard has-post-thumbnail hentry category-blog\">\n\t\t\t\n\t\t\t\t\t<div class=\"post-content-wrapper clearfix\">\n\t\t\t\t<div class=\"post_format_content\">\n\t\t\t\t\t<div class=\"post_likes\"><span class=\"cstheme_likes\" data-postid=\"1927\"><i class=\"fa fa-heart-o\"><\/i><span class=\"likes_count\"> <div class=\"post-views content-post post-3298 entry-meta load-static\">\r\n\t\t\t\t<span class=\"post-views-label\"><\/span> <span class=\"post-views-count\">1,520<\/span>\r\n\t\t\t<\/div><\/span><\/span><\/div>\n\t\t\t\t\t<img loading=\"lazy\" decoding=\"async\" width=\"650\" height=\"650\" src=\"https:\/\/www.weddbros.com\/wp-content\/uploads\/2024\/02\/Svatba_HanaHonza_031-1-650x650.jpg\" class=\"attachment-square size-square wp-post-image\" alt=\"\" srcset=\"https:\/\/www.weddbros.com\/wp-content\/uploads\/2024\/02\/Svatba_HanaHonza_031-1-650x650.jpg 650w, https:\/\/www.weddbros.com\/wp-content\/uploads\/2024\/02\/Svatba_HanaHonza_031-1-150x150.jpg 150w\" sizes=\"(max-width: 650px) 100vw, 650px\" \/>\t\t\t\t<\/div>\n\t\t\t\t\t\t\t\t\t<div class=\"post-descr-wrap clearfix\">\n\t\t                <div class=\"spacing\"><p>Inspirace <\/p><\/div>\n\t\t\t\t\t\t<h2 class=\"post-title\"><a href=\"https:\/\/www.weddbros.com\/cs\/nejlepsi-svatebni-planovac\/\" title=\"Permalink to Pr\u00e1v\u011b jste se zasnoubili a nev\u00edte, kde za\u010d\u00edt s pl\u00e1nov\u00e1n\u00edm svatby?\" rel=\"bookmark\">Pr\u00e1v\u011b jste se zasnoubili a nev\u00edte, kde za\u010d\u00edt s pl\u00e1nov\u00e1n\u00edm svatby?<\/a><\/h2>\n\t\t\t\t\t\t\t\t\t\t\t<\/div>\n\t\t\t\t\t\t\t<\/div>\n\t\t\n\t\t<\/article><article id=\"post-2737\" class=\" col-md-3 post-2737 post type-post status-publish format-standard has-post-thumbnail hentry category-blog\">\n\t\t\t\n\t\t\t\t\t<div class=\"post-content-wrapper clearfix\">\n\t\t\t\t<div class=\"post_format_content\">\n\t\t\t\t\t<div class=\"post_likes\"><span class=\"cstheme_likes\" data-postid=\"1927\"><i class=\"fa fa-heart-o\"><\/i><span class=\"likes_count\"> <div class=\"post-views content-post post-2737 entry-meta load-static\">\r\n\t\t\t\t<span class=\"post-views-label\"><\/span> <span class=\"post-views-count\">828<\/span>\r\n\t\t\t<\/div><\/span><\/span><\/div>\n\t\t\t\t\t<img loading=\"lazy\" decoding=\"async\" width=\"650\" height=\"650\" src=\"https:\/\/www.weddbros.com\/wp-content\/uploads\/2020\/07\/DSC_7327-650x650.jpg\" class=\"attachment-square size-square wp-post-image\" alt=\"\" srcset=\"https:\/\/www.weddbros.com\/wp-content\/uploads\/2020\/07\/DSC_7327-650x650.jpg 650w, https:\/\/www.weddbros.com\/wp-content\/uploads\/2020\/07\/DSC_7327-150x150.jpg 150w\" sizes=\"(max-width: 650px) 100vw, 650px\" \/>\t\t\t\t<\/div>\n\t\t\t\t\t\t\t\t\t<div class=\"post-descr-wrap clearfix\">\n\t\t                <div class=\"spacing\"><p>Inspirace <\/p><\/div>\n\t\t\t\t\t\t<h2 class=\"post-title\"><a href=\"https:\/\/www.weddbros.com\/cs\/pohadkove-misto-kde-mit-svatbu-je-zazitek\/\" title=\"Permalink to Poh\u00e1dkov\u00e9 m\u00edsto, kde m\u00edt svatbu je z\u00e1\u017eitek\" rel=\"bookmark\">Poh\u00e1dkov\u00e9 m\u00edsto, kde m\u00edt svatbu je z\u00e1\u017eitek<\/a><\/h2>\n\t\t\t\t\t\t\t\t\t\t\t<\/div>\n\t\t\t\t\t\t\t<\/div>\n\t\t\n\t\t<\/article><article id=\"post-2572\" class=\" col-md-3 post-2572 post type-post status-publish format-standard has-post-thumbnail hentry category-blog\">\n\t\t\t\n\t\t\t\t\t<div class=\"post-content-wrapper clearfix\">\n\t\t\t\t<div class=\"post_format_content\">\n\t\t\t\t\t<div class=\"post_likes\"><span class=\"cstheme_likes\" data-postid=\"1927\"><i class=\"fa fa-heart-o\"><\/i><span class=\"likes_count\"> <div class=\"post-views content-post post-2572 entry-meta load-static\">\r\n\t\t\t\t<span class=\"post-views-label\"><\/span> <span class=\"post-views-count\">24,155<\/span>\r\n\t\t\t<\/div><\/span><\/span><\/div>\n\t\t\t\t\t<img loading=\"lazy\" decoding=\"async\" width=\"650\" height=\"650\" src=\"https:\/\/www.weddbros.com\/wp-content\/uploads\/2020\/05\/160504-pct-big-00002-grota-sady-m-650x650.jpg\" class=\"attachment-square size-square wp-post-image\" alt=\"\" srcset=\"https:\/\/www.weddbros.com\/wp-content\/uploads\/2020\/05\/160504-pct-big-00002-grota-sady-m-650x650.jpg 650w, https:\/\/www.weddbros.com\/wp-content\/uploads\/2020\/05\/160504-pct-big-00002-grota-sady-m-150x150.jpg 150w\" sizes=\"(max-width: 650px) 100vw, 650px\" \/>\t\t\t\t<\/div>\n\t\t\t\t\t\t\t\t\t<div class=\"post-descr-wrap clearfix\">\n\t\t                <div class=\"spacing\"><p>Inspirace <\/p><\/div>\n\t\t\t\t\t\t<h2 class=\"post-title\"><a href=\"https:\/\/www.weddbros.com\/cs\/11-nejlepsich-fotogenickych-mist-v-praze\/\" title=\"Permalink to 11 nejlep\u0161\u00edch fotogenick\u00fdch m\u00edst v Praze\" rel=\"bookmark\">11 nejlep\u0161\u00edch fotogenick\u00fdch m\u00edst v Praze<\/a><\/h2>\n\t\t\t\t\t\t\t\t\t\t\t<\/div>\n\t\t\t\t\t\t\t<\/div>\n\t\t\n\t\t<\/article><article id=\"post-2332\" class=\" col-md-3 post-2332 post type-post status-publish format-standard has-post-thumbnail hentry category-blog\">\n\t\t\t\n\t\t\t\t\t<div class=\"post-content-wrapper clearfix\">\n\t\t\t\t<div class=\"post_format_content\">\n\t\t\t\t\t<div class=\"post_likes\"><span class=\"cstheme_likes\" data-postid=\"1927\"><i class=\"fa fa-heart-o\"><\/i><span class=\"likes_count\"> <div class=\"post-views content-post post-2332 entry-meta load-static\">\r\n\t\t\t\t<span class=\"post-views-label\"><\/span> <span class=\"post-views-count\">5,169<\/span>\r\n\t\t\t<\/div><\/span><\/span><\/div>\n\t\t\t\t\t<img loading=\"lazy\" decoding=\"async\" width=\"650\" height=\"650\" src=\"https:\/\/www.weddbros.com\/wp-content\/uploads\/2020\/02\/A-650x650.jpg\" class=\"attachment-square size-square wp-post-image\" alt=\"\" srcset=\"https:\/\/www.weddbros.com\/wp-content\/uploads\/2020\/02\/A-650x650.jpg 650w, https:\/\/www.weddbros.com\/wp-content\/uploads\/2020\/02\/A-300x300.jpg 300w, https:\/\/www.weddbros.com\/wp-content\/uploads\/2020\/02\/A-150x150.jpg 150w, https:\/\/www.weddbros.com\/wp-content\/uploads\/2020\/02\/A-768x768.jpg 768w, https:\/\/www.weddbros.com\/wp-content\/uploads\/2020\/02\/A.jpg 950w\" sizes=\"(max-width: 650px) 100vw, 650px\" \/>\t\t\t\t<\/div>\n\t\t\t\t\t\t\t\t\t<div class=\"post-descr-wrap clearfix\">\n\t\t                <div class=\"spacing\"><p>Inspirace <\/p><\/div>\n\t\t\t\t\t\t<h2 class=\"post-title\"><a href=\"https:\/\/www.weddbros.com\/cs\/15-kreativnich-napadu-pro-vasi-svatbu\/\" title=\"Permalink to 15 kreativn\u00edch n\u00e1pad\u016f pro Va\u0161\u00ed svatbu\" rel=\"bookmark\">15 kreativn\u00edch n\u00e1pad\u016f pro Va\u0161\u00ed svatbu<\/a><\/h2>\n\t\t\t\t\t\t\t\t\t\t\t<\/div>\n\t\t\t\t\t\t\t<\/div>\n\t\t\n\t\t<\/article><article id=\"post-1927\" class=\" col-md-3 post-1927 post type-post status-publish format-standard has-post-thumbnail hentry category-blog\">\n\t\t\t\n\t\t\t\t\t<div class=\"post-content-wrapper clearfix\">\n\t\t\t\t<div class=\"post_format_content\">\n\t\t\t\t\t<div class=\"post_likes\"><span class=\"cstheme_likes\" data-postid=\"1927\"><i class=\"fa fa-heart-o\"><\/i><span class=\"likes_count\"> <div class=\"post-views content-post post-1927 entry-meta load-static\">\r\n\t\t\t\t<span class=\"post-views-label\"><\/span> <span class=\"post-views-count\">6,680<\/span>\r\n\t\t\t<\/div><\/span><\/span><\/div>\n\t\t\t\t\t<img loading=\"lazy\" decoding=\"async\" width=\"650\" height=\"650\" src=\"https:\/\/www.weddbros.com\/wp-content\/uploads\/2019\/12\/daily-mom-parent-portal-wedding-games-trivia-scaled-1-650x650.jpg\" class=\"attachment-square size-square wp-post-image\" alt=\"\" srcset=\"https:\/\/www.weddbros.com\/wp-content\/uploads\/2019\/12\/daily-mom-parent-portal-wedding-games-trivia-scaled-1-650x650.jpg 650w, https:\/\/www.weddbros.com\/wp-content\/uploads\/2019\/12\/daily-mom-parent-portal-wedding-games-trivia-scaled-1-150x150.jpg 150w\" sizes=\"(max-width: 650px) 100vw, 650px\" \/>\t\t\t\t<\/div>\n\t\t\t\t\t\t\t\t\t<div class=\"post-descr-wrap clearfix\">\n\t\t                <div class=\"spacing\"><p>Inspirace <\/p><\/div>\n\t\t\t\t\t\t<h2 class=\"post-title\"><a href=\"https:\/\/www.weddbros.com\/cs\/8-originalnich-svatebni-her-ktere-pobavi\/\" title=\"Permalink to 8 origin\u00e1ln\u00edch svatebn\u00edch her, kter\u00e9 pobav\u00ed\" rel=\"bookmark\">8 origin\u00e1ln\u00edch svatebn\u00edch her, kter\u00e9 pobav\u00ed<\/a><\/h2>\n\t\t\t\t\t\t\t\t\t\t\t<\/div>\n\t\t\t\t\t\t\t<\/div>\n\t\t\n\t\t<\/article><article id=\"post-1857\" class=\" col-md-3 post-1857 post type-post status-publish format-standard has-post-thumbnail hentry category-blog\">\n\t\t\t\n\t\t\t\t\t<div class=\"post-content-wrapper clearfix\">\n\t\t\t\t<div class=\"post_format_content\">\n\t\t\t\t\t<div class=\"post_likes\"><span class=\"cstheme_likes\" data-postid=\"1927\"><i class=\"fa fa-heart-o\"><\/i><span class=\"likes_count\"> <div class=\"post-views content-post post-1857 entry-meta load-static\">\r\n\t\t\t\t<span class=\"post-views-label\"><\/span> <span class=\"post-views-count\">2,453<\/span>\r\n\t\t\t<\/div><\/span><\/span><\/div>\n\t\t\t\t\t<img loading=\"lazy\" decoding=\"async\" width=\"650\" height=\"650\" src=\"https:\/\/www.weddbros.com\/wp-content\/uploads\/2020\/02\/6-650x650.jpg\" class=\"attachment-square size-square wp-post-image\" alt=\"\" srcset=\"https:\/\/www.weddbros.com\/wp-content\/uploads\/2020\/02\/6-650x650.jpg 650w, https:\/\/www.weddbros.com\/wp-content\/uploads\/2020\/02\/6-150x150.jpg 150w\" sizes=\"(max-width: 650px) 100vw, 650px\" \/>\t\t\t\t<\/div>\n\t\t\t\t\t\t\t\t\t<div class=\"post-descr-wrap clearfix\">\n\t\t                <div class=\"spacing\"><p>Inspirace <\/p><\/div>\n\t\t\t\t\t\t<h2 class=\"post-title\"><a href=\"https:\/\/www.weddbros.com\/cs\/tvar-svatby-tvori-i-jeji-celkovy-vzhled\/\" title=\"Permalink to Tv\u00e1\u0159 svatby tvo\u0159\u00ed i jej\u00ed celkov\u00fd vzhled\" rel=\"bookmark\">Tv\u00e1\u0159 svatby tvo\u0159\u00ed i jej\u00ed celkov\u00fd vzhled<\/a><\/h2>\n\t\t\t\t\t\t\t\t\t\t\t<\/div>\n\t\t\t\t\t\t\t<\/div>\n\t\t\n\t\t<\/article><article id=\"post-1739\" class=\" col-md-3 post-1739 post type-post status-publish format-standard has-post-thumbnail hentry category-blog\">\n\t\t\t\n\t\t\t\t\t<div class=\"post-content-wrapper clearfix\">\n\t\t\t\t<div class=\"post_format_content\">\n\t\t\t\t\t<div class=\"post_likes\"><span class=\"cstheme_likes\" data-postid=\"1927\"><i class=\"fa fa-heart-o\"><\/i><span class=\"likes_count\"> <div class=\"post-views content-post post-1739 entry-meta load-static\">\r\n\t\t\t\t<span class=\"post-views-label\"><\/span> <span class=\"post-views-count\">4,160<\/span>\r\n\t\t\t<\/div><\/span><\/span><\/div>\n\t\t\t\t\t<img loading=\"lazy\" decoding=\"async\" width=\"650\" height=\"650\" src=\"https:\/\/www.weddbros.com\/wp-content\/uploads\/2018\/11\/SED2536-650x650.jpg\" class=\"attachment-square size-square wp-post-image\" alt=\"\" srcset=\"https:\/\/www.weddbros.com\/wp-content\/uploads\/2018\/11\/SED2536-650x650.jpg 650w, https:\/\/www.weddbros.com\/wp-content\/uploads\/2018\/11\/SED2536-150x150.jpg 150w\" sizes=\"(max-width: 650px) 100vw, 650px\" \/>\t\t\t\t<\/div>\n\t\t\t\t\t\t\t\t\t<div class=\"post-descr-wrap clearfix\">\n\t\t                <div class=\"spacing\"><p>Inspirace <\/p><\/div>\n\t\t\t\t\t\t<h2 class=\"post-title\"><a href=\"https:\/\/www.weddbros.com\/cs\/co-se-skryva-v-cene-svatebniho-kameramana-ci-fotografa\/\" title=\"Permalink to Co v\u0161e zahrnuje cena svatebn\u00edho kameramana?\" rel=\"bookmark\">Co v\u0161e zahrnuje cena svatebn\u00edho kameramana?<\/a><\/h2>\n\t\t\t\t\t\t\t\t\t\t\t<\/div>\n\t\t\t\t\t\t\t<\/div>\n\t\t\n\t\t<\/article>\n\t\t\t\t\t\t\t\t<\/div>\n\t\t\t\t\t\t\t<\/div>\n\t\t\t\t\t\t<\/div>\n\t\t\t\t\t<\/div>[\/vc_column][\/vc_row]<\/p>\n<p><\/p>","protected":false},"excerpt":{"rendered":"<p>[vc_row full_width=&#8221;stretch_row&#8221; css=&#8221;.vc_custom_1643896667722{margin-bottom: 0px !important;padding-top: 7px !important;padding-bottom: 60px !important;}&#8221;][vc_column css=&#8221;.vc_custom_1603221939216{padding-right: 0px !important;padding-left: 0px !important;}&#8221;][\/vc_column][\/vc_row]<\/p>\n","protected":false},"author":2,"featured_media":0,"parent":0,"menu_order":0,"comment_status":"closed","ping_status":"closed","template":"","meta":{"footnotes":""},"aioseo_notices":[],"_links":{"self":[{"href":"https:\/\/www.weddbros.com\/cs\/wp-json\/wp\/v2\/pages\/1769"}],"collection":[{"href":"https:\/\/www.weddbros.com\/cs\/wp-json\/wp\/v2\/pages"}],"about":[{"href":"https:\/\/www.weddbros.com\/cs\/wp-json\/wp\/v2\/types\/page"}],"author":[{"embeddable":true,"href":"https:\/\/www.weddbros.com\/cs\/wp-json\/wp\/v2\/users\/2"}],"replies":[{"embeddable":true,"href":"https:\/\/www.weddbros.com\/cs\/wp-json\/wp\/v2\/comments?post=1769"}],"version-history":[{"count":49,"href":"https:\/\/www.weddbros.com\/cs\/wp-json\/wp\/v2\/pages\/1769\/revisions"}],"predecessor-version":[{"id":5770,"href":"https:\/\/www.weddbros.com\/cs\/wp-json\/wp\/v2\/pages\/1769\/revisions\/5770"}],"wp:attachment":[{"href":"https:\/\/www.weddbros.com\/cs\/wp-json\/wp\/v2\/media?parent=1769"}],"curies":[{"name":"wp","href":"https:\/\/api.w.org\/{rel}","templated":true}]}}